{"id":709,"date":"2023-04-11T17:51:44","date_gmt":"2023-04-11T17:51:44","guid":{"rendered":"https:\/\/gitv.mx\/?page_id=709"},"modified":"2025-02-17T22:13:39","modified_gmt":"2025-02-17T22:13:39","slug":"mision","status":"publish","type":"page","link":"https:\/\/gitv.mx\/en\/mision\/","title":{"rendered":"MISSION"},"content":{"rendered":"<p class=\"has-text-align-center has-black-color has-text-color has-medium-font-size\">Nuestra misi\u00f3n es crear <strong>innovative industrial solutions<\/strong> and develop the <strong>the most efficient production processes<\/strong> in the metal-mechanical industry that allow us to fulfill our ongoing commitment to <strong>customer satisfaction.<\/strong><\/p>\n\n\n\n<figure class=\"wp-block-image aligncenter size-large is-resized\"><img loading=\"lazy\" decoding=\"async\" width=\"1024\" height=\"512\" src=\"https:\/\/gitv.mx\/wp-content\/uploads\/2023\/05\/MISION-1024x512.png\" alt=\"Misi\u00f3n\" class=\"wp-image-1442\" style=\"width:400px\" srcset=\"https:\/\/gitv.mx\/wp-content\/uploads\/2023\/05\/MISION-1024x512.png 1024w, https:\/\/gitv.mx\/wp-content\/uploads\/2023\/05\/MISION-300x150.png 300w, https:\/\/gitv.mx\/wp-content\/uploads\/2023\/05\/MISION-768x384.png 768w, https:\/\/gitv.mx\/wp-content\/uploads\/2023\/05\/MISION-1536x768.png 1536w, https:\/\/gitv.mx\/wp-content\/uploads\/2023\/05\/MISION.png 2000w\" sizes=\"auto, (max-width: 1024px) 100vw, 1024px\" \/><\/figure>","protected":false},"excerpt":{"rendered":"<p>Nuestra misi\u00f3n es crear soluciones industriales innovadoras y desarrollar los procesos m\u00e1s eficientes de producci\u00f3n de la industria metalmec\u00e1nica, que nos permitan cumplir nuestro compromiso permanente con la satisfacci\u00f3n del cliente.<\/p>","protected":false},"author":1,"featured_media":0,"parent":0,"menu_order":0,"comment_status":"closed","ping_status":"closed","template":"","meta":{"om_disable_all_campaigns":false,"_monsterinsights_skip_tracking":false,"_monsterinsights_sitenote_active":false,"_monsterinsights_sitenote_note":"","_monsterinsights_sitenote_category":0,"_uf_show_specific_survey":0,"_uf_disable_surveys":false,"site-sidebar-layout":"default","site-content-layout":"","ast-site-content-layout":"default","site-content-style":"default","site-sidebar-style":"default","ast-global-header-display":"","ast-banner-title-visibility":"","ast-main-header-display":"","ast-hfb-above-header-display":"","ast-hfb-below-header-display":"","ast-hfb-mobile-header-display":"","site-post-title":"disabled","ast-breadcrumbs-content":"","ast-featured-img":"","footer-sml-layout":"","ast-disable-related-posts":"","theme-transparent-header-meta":"","adv-header-id-meta":"","stick-header-meta":"","header-above-stick-meta":"","header-main-stick-meta":"","header-below-stick-meta":"","astra-migrate-meta-layouts":"set","ast-page-background-enabled":"default","ast-page-background-meta":{"desktop":{"background-color":"var(--ast-global-color-4)","background-image":"","background-repeat":"repeat","background-position":"center center","background-size":"auto","background-attachment":"scroll","background-type":"","background-media":"","overlay-type":"","overlay-color":"","overlay-opacity":"","overlay-gradient":""},"tablet":{"background-color":"","background-image":"","background-repeat":"repeat","background-position":"center center","background-size":"auto","background-attachment":"scroll","background-type":"","background-media":"","overlay-type":"","overlay-color":"","overlay-opacity":"","overlay-gradient":""},"mobile":{"background-color":"","background-image":"","background-repeat":"repeat","background-position":"center center","background-size":"auto","background-attachment":"scroll","background-type":"","background-media":"","overlay-type":"","overlay-color":"","overlay-opacity":"","overlay-gradient":""}},"ast-content-background-meta":{"desktop":{"background-color":"var(--ast-global-color-5)","background-image":"","background-repeat":"repeat","background-position":"center center","background-size":"auto","background-attachment":"scroll","background-type":"","background-media":"","overlay-type":"","overlay-color":"","overlay-opacity":"","overlay-gradient":""},"tablet":{"background-color":"var(--ast-global-color-5)","background-image":"","background-repeat":"repeat","background-position":"center center","background-size":"auto","background-attachment":"scroll","background-type":"","background-media":"","overlay-type":"","overlay-color":"","overlay-opacity":"","overlay-gradient":""},"mobile":{"background-color":"var(--ast-global-color-5)","background-image":"","background-repeat":"repeat","background-position":"center center","background-size":"auto","background-attachment":"scroll","background-type":"","background-media":"","overlay-type":"","overlay-color":"","overlay-opacity":"","overlay-gradient":""}},"footnotes":""},"class_list":["post-709","page","type-page","status-publish","hentry"],"aioseo_notices":[],"_links":{"self":[{"href":"https:\/\/gitv.mx\/en\/wp-json\/wp\/v2\/pages\/709","targetHints":{"allow":["GET"]}}],"collection":[{"href":"https:\/\/gitv.mx\/en\/wp-json\/wp\/v2\/pages"}],"about":[{"href":"https:\/\/gitv.mx\/en\/wp-json\/wp\/v2\/types\/page"}],"author":[{"embeddable":true,"href":"https:\/\/gitv.mx\/en\/wp-json\/wp\/v2\/users\/1"}],"replies":[{"embeddable":true,"href":"https:\/\/gitv.mx\/en\/wp-json\/wp\/v2\/comments?post=709"}],"version-history":[{"count":23,"href":"https:\/\/gitv.mx\/en\/wp-json\/wp\/v2\/pages\/709\/revisions"}],"predecessor-version":[{"id":2321,"href":"https:\/\/gitv.mx\/en\/wp-json\/wp\/v2\/pages\/709\/revisions\/2321"}],"wp:attachment":[{"href":"https:\/\/gitv.mx\/en\/wp-json\/wp\/v2\/media?parent=709"}],"curies":[{"name":"wp","href":"https:\/\/api.w.org\/{rel}","templated":true}]}}