{"id":2403,"date":"2025-10-29T18:21:24","date_gmt":"2025-10-29T18:21:24","guid":{"rendered":"https:\/\/gitv.mx\/?page_id=2403"},"modified":"2025-10-31T21:16:15","modified_gmt":"2025-10-31T21:16:15","slug":"cabanas","status":"publish","type":"page","link":"https:\/\/gitv.mx\/en\/cabanas\/","title":{"rendered":"TINY HOUSE"},"content":{"rendered":"<p class=\"has-text-align-center has-ast-global-color-1-color has-text-color has-link-color has-large-font-size wp-elements-7b0d6135d798510a7c26811d4a17da06\"><strong>TINY HOUSE<\/strong><\/p>\n\n\n\n<p class=\"has-black-color has-text-color has-link-color has-medium-font-size wp-elements-a18b055f1a73687b750b90a8ba99104a\">At <strong>GITV<\/strong> We are proud to present the project <strong>Altet Country Designing Cabins (ACDC)<\/strong>, focused on developing cabins that integrate nature, comfort, and custom design. Each proposal reflects a shared dream: to give more people the opportunity to enjoy a retreat in the midst of nature, without sacrificing style or comfort.<\/p>\n\n\n\n<p class=\"has-black-color has-text-color has-link-color has-medium-font-size wp-elements-e02b03f260f860cddd815df012c9f5d9\">Clients can choose from a variety of cabin styles:<\/p>\n\n\n\n<ul class=\"wp-block-list\">\n<li class=\"has-black-color has-text-color has-link-color has-medium-font-size wp-elements-48b0c7ea259a1f2d37778b9f4540facc\">Traditional A-Frame<\/li>\n\n\n\n<li class=\"has-black-color has-text-color has-link-color has-medium-font-size wp-elements-814e7d878fb2b2dbdd6318ae836b17be\">A-Frame with glass roof<\/li>\n\n\n\n<li class=\"has-black-color has-text-color has-link-color has-medium-font-size wp-elements-8151507e788839aac7dd2db3ef9c4521\">Geodesic dome<\/li>\n\n\n\n<li class=\"has-black-color has-text-color has-link-color has-medium-font-size wp-elements-777ee50f8166f37b91de924a8cd4add7\">Sustainable cabins with solar panels<\/li>\n<\/ul>\n\n\n\n<figure class=\"wp-block-image size-full\"><img loading=\"lazy\" decoding=\"async\" width=\"1000\" height=\"336\" src=\"https:\/\/gitv.mx\/wp-content\/uploads\/2025\/10\/Diseno-sin-titulo.png\" alt=\"\" class=\"wp-image-2432\" srcset=\"https:\/\/gitv.mx\/wp-content\/uploads\/2025\/10\/Diseno-sin-titulo.png 1000w, https:\/\/gitv.mx\/wp-content\/uploads\/2025\/10\/Diseno-sin-titulo-300x101.png 300w, https:\/\/gitv.mx\/wp-content\/uploads\/2025\/10\/Diseno-sin-titulo-768x258.png 768w, https:\/\/gitv.mx\/wp-content\/uploads\/2025\/10\/Diseno-sin-titulo-18x6.png 18w\" sizes=\"auto, (max-width: 1000px) 100vw, 1000px\" \/><\/figure>\n\n\n\n<p class=\"has-black-color has-text-color has-link-color has-medium-font-size wp-elements-3c55e2de87d6aef5b2923aebe6f3290c\">Additionally, we design and manufacture <strong>custom furniture<\/strong>, turning each cabin into a unique experience and, at the same time, into a business opportunity through renting retreat spaces or selling furniture and art.<\/p>\n\n\n\n<p class=\"has-black-color has-text-color has-link-color has-medium-font-size wp-elements-f2ea5a393d1c1eb415596a1b4864362e\">Thanks to this collaboration, the projects feature <strong>smart modularity and sustainable options<\/strong>adapting to the needs and vision of each client.<\/p>\n\n\n\n<figure class=\"wp-block-image size-full\"><img loading=\"lazy\" decoding=\"async\" width=\"1000\" height=\"336\" src=\"https:\/\/gitv.mx\/wp-content\/uploads\/2025\/10\/Diseno-sin-titulo-1.png\" alt=\"\" class=\"wp-image-2430\" srcset=\"https:\/\/gitv.mx\/wp-content\/uploads\/2025\/10\/Diseno-sin-titulo-1.png 1000w, https:\/\/gitv.mx\/wp-content\/uploads\/2025\/10\/Diseno-sin-titulo-1-300x101.png 300w, https:\/\/gitv.mx\/wp-content\/uploads\/2025\/10\/Diseno-sin-titulo-1-768x258.png 768w, https:\/\/gitv.mx\/wp-content\/uploads\/2025\/10\/Diseno-sin-titulo-1-18x6.png 18w\" sizes=\"auto, (max-width: 1000px) 100vw, 1000px\" \/><\/figure>","protected":false},"excerpt":{"rendered":"<p>TINY HOUSE En GITV nos enorgullece presentar el proyecto Altet Country Designing Cabins (ACDC), enfocado en desarrollar caba\u00f1as que integran naturaleza, confort y dise\u00f1o a medida. Cada propuesta refleja un sue\u00f1o compartido: brindar a m\u00e1s personas la oportunidad de disfrutar un refugio en medio de la naturaleza, sin renunciar al estilo ni a la comodidad. [&hellip;]<\/p>\n","protected":false},"author":1,"featured_media":0,"parent":0,"menu_order":0,"comment_status":"closed","ping_status":"closed","template":"","meta":{"om_disable_all_campaigns":false,"_monsterinsights_skip_tracking":false,"_monsterinsights_sitenote_active":false,"_monsterinsights_sitenote_note":"","_monsterinsights_sitenote_category":0,"_uf_show_specific_survey":0,"_uf_disable_surveys":false,"site-sidebar-layout":"default","site-content-layout":"","ast-site-content-layout":"default","site-content-style":"default","site-sidebar-style":"default","ast-global-header-display":"","ast-banner-title-visibility":"","ast-main-header-display":"","ast-hfb-above-header-display":"","ast-hfb-below-header-display":"","ast-hfb-mobile-header-display":"","site-post-title":"","ast-breadcrumbs-content":"","ast-featured-img":"","footer-sml-layout":"","ast-disable-related-posts":"","theme-transparent-header-meta":"","adv-header-id-meta":"","stick-header-meta":"","header-above-stick-meta":"","header-main-stick-meta":"","header-below-stick-meta":"","astra-migrate-meta-layouts":"set","ast-page-background-enabled":"default","ast-page-background-meta":{"desktop":{"background-color":"var(--ast-global-color-4)","background-image":"","background-repeat":"repeat","background-position":"center center","background-size":"auto","background-attachment":"scroll","background-type":"","background-media":"","overlay-type":"","overlay-color":"","overlay-opacity":"","overlay-gradient":""},"tablet":{"background-color":"","background-image":"","background-repeat":"repeat","background-position":"center center","background-size":"auto","background-attachment":"scroll","background-type":"","background-media":"","overlay-type":"","overlay-color":"","overlay-opacity":"","overlay-gradient":""},"mobile":{"background-color":"","background-image":"","background-repeat":"repeat","background-position":"center center","background-size":"auto","background-attachment":"scroll","background-type":"","background-media":"","overlay-type":"","overlay-color":"","overlay-opacity":"","overlay-gradient":""}},"ast-content-background-meta":{"desktop":{"background-color":"var(--ast-global-color-5)","background-image":"","background-repeat":"repeat","background-position":"center center","background-size":"auto","background-attachment":"scroll","background-type":"","background-media":"","overlay-type":"","overlay-color":"","overlay-opacity":"","overlay-gradient":""},"tablet":{"background-color":"var(--ast-global-color-5)","background-image":"","background-repeat":"repeat","background-position":"center center","background-size":"auto","background-attachment":"scroll","background-type":"","background-media":"","overlay-type":"","overlay-color":"","overlay-opacity":"","overlay-gradient":""},"mobile":{"background-color":"var(--ast-global-color-5)","background-image":"","background-repeat":"repeat","background-position":"center center","background-size":"auto","background-attachment":"scroll","background-type":"","background-media":"","overlay-type":"","overlay-color":"","overlay-opacity":"","overlay-gradient":""}},"footnotes":""},"class_list":["post-2403","page","type-page","status-publish","hentry"],"aioseo_notices":[],"_links":{"self":[{"href":"https:\/\/gitv.mx\/en\/wp-json\/wp\/v2\/pages\/2403","targetHints":{"allow":["GET"]}}],"collection":[{"href":"https:\/\/gitv.mx\/en\/wp-json\/wp\/v2\/pages"}],"about":[{"href":"https:\/\/gitv.mx\/en\/wp-json\/wp\/v2\/types\/page"}],"author":[{"embeddable":true,"href":"https:\/\/gitv.mx\/en\/wp-json\/wp\/v2\/users\/1"}],"replies":[{"embeddable":true,"href":"https:\/\/gitv.mx\/en\/wp-json\/wp\/v2\/comments?post=2403"}],"version-history":[{"count":9,"href":"https:\/\/gitv.mx\/en\/wp-json\/wp\/v2\/pages\/2403\/revisions"}],"predecessor-version":[{"id":2433,"href":"https:\/\/gitv.mx\/en\/wp-json\/wp\/v2\/pages\/2403\/revisions\/2433"}],"wp:attachment":[{"href":"https:\/\/gitv.mx\/en\/wp-json\/wp\/v2\/media?parent=2403"}],"curies":[{"name":"wp","href":"https:\/\/api.w.org\/{rel}","templated":true}]}}