{"id":2400,"date":"2025-10-29T18:21:24","date_gmt":"2025-10-29T18:21:24","guid":{"rendered":"https:\/\/gitv.mx\/?page_id=2400"},"modified":"2025-10-29T18:47:20","modified_gmt":"2025-10-29T18:47:20","slug":"hecho-en-mexico","status":"publish","type":"page","link":"https:\/\/gitv.mx\/en\/hecho-en-mexico\/","title":{"rendered":"MADE IN MEXICO"},"content":{"rendered":"<p class=\"has-text-align-center has-ast-global-color-1-color has-text-color has-link-color has-large-font-size wp-elements-b102468daaab5b4b8d0a34d0ae6845de\"><strong>MADE IN MEXICO<\/strong><\/p>\n\n\n\n<p class=\"has-black-color has-text-color has-link-color has-medium-font-size wp-elements-369e3e557ed6d8f1cc47aac7074b5078\">At GITV we have the <strong>\u201cHecho en M\u00e9xico\u201d Distinction<\/strong>, recognition granted to companies that manufacture national products with high standards of quality, innovation, and commitment to the Mexican industry.<\/p>\n\n\n\n<p class=\"has-black-color has-text-color has-link-color has-medium-font-size wp-elements-ed48054c60b8c97f4e78224b1d78d0e3\">This certifies that our manufacturing processes, machinery, and products comply with excellence and promote the national industry.<\/p>\n\n\n\n<figure class=\"wp-block-image aligncenter size-full is-resized\"><img loading=\"lazy\" decoding=\"async\" width=\"456\" height=\"450\" src=\"https:\/\/gitv.mx\/wp-content\/uploads\/2025\/10\/Captura-de-pantalla-2025-10-29-a-las-12.42.50.png\" alt=\"\" class=\"wp-image-2415\" style=\"width:400px\" srcset=\"https:\/\/gitv.mx\/wp-content\/uploads\/2025\/10\/Captura-de-pantalla-2025-10-29-a-las-12.42.50.png 456w, https:\/\/gitv.mx\/wp-content\/uploads\/2025\/10\/Captura-de-pantalla-2025-10-29-a-las-12.42.50-300x296.png 300w, https:\/\/gitv.mx\/wp-content\/uploads\/2025\/10\/Captura-de-pantalla-2025-10-29-a-las-12.42.50-12x12.png 12w\" sizes=\"auto, (max-width: 456px) 100vw, 456px\" \/><\/figure>","protected":false},"excerpt":{"rendered":"<p>HECHO EN M\u00c9XICO En GITV contamos con el Distintivo \u201cHecho en M\u00e9xico\u201d, reconocimiento otorgado a empresas que fabrican productos nacionales con altos est\u00e1ndares de calidad, innovaci\u00f3n y compromiso con la industria mexicana. Esto certifica que nuestros procesos de fabricaci\u00f3n, maquinaria y productos cumplen con la excelencia y promueven la industria nacional.<\/p>","protected":false},"author":1,"featured_media":0,"parent":0,"menu_order":0,"comment_status":"closed","ping_status":"closed","template":"","meta":{"om_disable_all_campaigns":false,"_monsterinsights_skip_tracking":false,"_monsterinsights_sitenote_active":false,"_monsterinsights_sitenote_note":"","_monsterinsights_sitenote_category":0,"_uf_show_specific_survey":0,"_uf_disable_surveys":false,"site-sidebar-layout":"default","site-content-layout":"","ast-site-content-layout":"default","site-content-style":"default","site-sidebar-style":"default","ast-global-header-display":"","ast-banner-title-visibility":"","ast-main-header-display":"","ast-hfb-above-header-display":"","ast-hfb-below-header-display":"","ast-hfb-mobile-header-display":"","site-post-title":"","ast-breadcrumbs-content":"","ast-featured-img":"","footer-sml-layout":"","ast-disable-related-posts":"","theme-transparent-header-meta":"","adv-header-id-meta":"","stick-header-meta":"","header-above-stick-meta":"","header-main-stick-meta":"","header-below-stick-meta":"","astra-migrate-meta-layouts":"set","ast-page-background-enabled":"default","ast-page-background-meta":{"desktop":{"background-color":"var(--ast-global-color-4)","background-image":"","background-repeat":"repeat","background-position":"center center","background-size":"auto","background-attachment":"scroll","background-type":"","background-media":"","overlay-type":"","overlay-color":"","overlay-opacity":"","overlay-gradient":""},"tablet":{"background-color":"","background-image":"","background-repeat":"repeat","background-position":"center center","background-size":"auto","background-attachment":"scroll","background-type":"","background-media":"","overlay-type":"","overlay-color":"","overlay-opacity":"","overlay-gradient":""},"mobile":{"background-color":"","background-image":"","background-repeat":"repeat","background-position":"center center","background-size":"auto","background-attachment":"scroll","background-type":"","background-media":"","overlay-type":"","overlay-color":"","overlay-opacity":"","overlay-gradient":""}},"ast-content-background-meta":{"desktop":{"background-color":"var(--ast-global-color-5)","background-image":"","background-repeat":"repeat","background-position":"center center","background-size":"auto","background-attachment":"scroll","background-type":"","background-media":"","overlay-type":"","overlay-color":"","overlay-opacity":"","overlay-gradient":""},"tablet":{"background-color":"var(--ast-global-color-5)","background-image":"","background-repeat":"repeat","background-position":"center center","background-size":"auto","background-attachment":"scroll","background-type":"","background-media":"","overlay-type":"","overlay-color":"","overlay-opacity":"","overlay-gradient":""},"mobile":{"background-color":"var(--ast-global-color-5)","background-image":"","background-repeat":"repeat","background-position":"center center","background-size":"auto","background-attachment":"scroll","background-type":"","background-media":"","overlay-type":"","overlay-color":"","overlay-opacity":"","overlay-gradient":""}},"footnotes":""},"class_list":["post-2400","page","type-page","status-publish","hentry"],"aioseo_notices":[],"_links":{"self":[{"href":"https:\/\/gitv.mx\/en\/wp-json\/wp\/v2\/pages\/2400","targetHints":{"allow":["GET"]}}],"collection":[{"href":"https:\/\/gitv.mx\/en\/wp-json\/wp\/v2\/pages"}],"about":[{"href":"https:\/\/gitv.mx\/en\/wp-json\/wp\/v2\/types\/page"}],"author":[{"embeddable":true,"href":"https:\/\/gitv.mx\/en\/wp-json\/wp\/v2\/users\/1"}],"replies":[{"embeddable":true,"href":"https:\/\/gitv.mx\/en\/wp-json\/wp\/v2\/comments?post=2400"}],"version-history":[{"count":6,"href":"https:\/\/gitv.mx\/en\/wp-json\/wp\/v2\/pages\/2400\/revisions"}],"predecessor-version":[{"id":2418,"href":"https:\/\/gitv.mx\/en\/wp-json\/wp\/v2\/pages\/2400\/revisions\/2418"}],"wp:attachment":[{"href":"https:\/\/gitv.mx\/en\/wp-json\/wp\/v2\/media?parent=2400"}],"curies":[{"name":"wp","href":"https:\/\/api.w.org\/{rel}","templated":true}]}}