{"id":23,"date":"2023-03-23T17:24:16","date_gmt":"2023-03-23T17:24:16","guid":{"rendered":"https:\/\/gitv.mx\/?page_id=23"},"modified":"2025-04-16T17:10:18","modified_gmt":"2025-04-16T17:10:18","slug":"23-2","status":"publish","type":"page","link":"https:\/\/gitv.mx\/en\/","title":{"rendered":"HOME"},"content":{"rendered":"<figure class=\"wp-block-image aligncenter size-large is-resized\"><img loading=\"lazy\" decoding=\"async\" width=\"1024\" height=\"512\" src=\"https:\/\/gitv.mx\/wp-content\/uploads\/2023\/09\/Diseno-sin-titulo-2-1024x512.png\" alt=\"GRUPO INDUSTRIAL TV\" class=\"wp-image-1964\" style=\"width:400px\" srcset=\"https:\/\/gitv.mx\/wp-content\/uploads\/2023\/09\/Diseno-sin-titulo-2-1024x512.png 1024w, https:\/\/gitv.mx\/wp-content\/uploads\/2023\/09\/Diseno-sin-titulo-2-300x150.png 300w, https:\/\/gitv.mx\/wp-content\/uploads\/2023\/09\/Diseno-sin-titulo-2-768x384.png 768w, https:\/\/gitv.mx\/wp-content\/uploads\/2023\/09\/Diseno-sin-titulo-2-18x9.png 18w, https:\/\/gitv.mx\/wp-content\/uploads\/2023\/09\/Diseno-sin-titulo-2.png 1276w\" sizes=\"auto, (max-width: 1024px) 100vw, 1024px\" \/><\/figure>\n\n\n\n<p class=\"has-text-align-left has-black-color has-text-color has-medium-font-size\"><strong>Grupo Industrial TV (GITV)<\/strong> is a prominent Mexican company that specializes in the <strong>manufacture of high-quality and precision metal-mechanic components<\/strong> We are committed to <strong>excellence<\/strong> in all aspects of the company. <\/p>\n\n\n\n<p class=\"has-text-align-center has-black-color has-text-color has-medium-font-size\">Our three <strong>key objectives<\/strong> are:<\/p>\n\n\n\n<figure class=\"wp-block-image aligncenter size-full is-resized\"><img loading=\"lazy\" decoding=\"async\" width=\"1000\" height=\"291\" src=\"https:\/\/gitv.mx\/wp-content\/uploads\/2024\/02\/fullsizeoutput_1b74.jpeg\" alt=\"\" class=\"wp-image-2108\" style=\"width:400px\" srcset=\"https:\/\/gitv.mx\/wp-content\/uploads\/2024\/02\/fullsizeoutput_1b74.jpeg 1000w, https:\/\/gitv.mx\/wp-content\/uploads\/2024\/02\/fullsizeoutput_1b74-300x87.jpeg 300w, https:\/\/gitv.mx\/wp-content\/uploads\/2024\/02\/fullsizeoutput_1b74-768x223.jpeg 768w, https:\/\/gitv.mx\/wp-content\/uploads\/2024\/02\/fullsizeoutput_1b74-18x5.jpeg 18w\" sizes=\"auto, (max-width: 1000px) 100vw, 1000px\" \/><\/figure>\n\n\n\n<p class=\"has-text-align-center has-black-color has-text-color has-medium-font-size\"><strong>Services (sheet metal)<\/strong>)<\/p>\n\n\n\n<figure class=\"wp-block-image aligncenter size-full is-resized\"><img loading=\"lazy\" decoding=\"async\" width=\"1000\" height=\"90\" src=\"https:\/\/gitv.mx\/wp-content\/uploads\/2025\/04\/INICIO-DE-WEB.jpg\" alt=\"\" class=\"wp-image-2390\" style=\"aspect-ratio:6.804733727810651;object-fit:contain;width:400px\" srcset=\"https:\/\/gitv.mx\/wp-content\/uploads\/2025\/04\/INICIO-DE-WEB.jpg 1000w, https:\/\/gitv.mx\/wp-content\/uploads\/2025\/04\/INICIO-DE-WEB-300x27.jpg 300w, https:\/\/gitv.mx\/wp-content\/uploads\/2025\/04\/INICIO-DE-WEB-768x69.jpg 768w, https:\/\/gitv.mx\/wp-content\/uploads\/2025\/04\/INICIO-DE-WEB-18x2.jpg 18w\" sizes=\"auto, (max-width: 1000px) 100vw, 1000px\" \/><\/figure>\n\n\n\n<p class=\"has-text-align-left has-black-color has-text-color has-medium-font-size\">We have a <strong>solid infrastructure and engineering<\/strong> to meet the <strong>most demanding needs<\/strong> of our clients, providing industrial services such as:<\/p>\n\n\n\n<figure class=\"wp-block-image aligncenter size-full is-resized\"><img loading=\"lazy\" decoding=\"async\" width=\"1000\" height=\"320\" src=\"https:\/\/gitv.mx\/wp-content\/uploads\/2023\/09\/fullsizeoutput_1b46-1.jpeg\" alt=\"proyectos\" class=\"wp-image-2060\" style=\"width:400px\" srcset=\"https:\/\/gitv.mx\/wp-content\/uploads\/2023\/09\/fullsizeoutput_1b46-1.jpeg 1000w, https:\/\/gitv.mx\/wp-content\/uploads\/2023\/09\/fullsizeoutput_1b46-1-300x96.jpeg 300w, https:\/\/gitv.mx\/wp-content\/uploads\/2023\/09\/fullsizeoutput_1b46-1-768x246.jpeg 768w, https:\/\/gitv.mx\/wp-content\/uploads\/2023\/09\/fullsizeoutput_1b46-1-18x6.jpeg 18w\" sizes=\"auto, (max-width: 1000px) 100vw, 1000px\" \/><\/figure>\n\n\n\n<p class=\"has-text-align-left has-black-color has-text-color has-medium-font-size\">We continuously contribute to<strong> Industrial Innovation,<\/strong> developing projects across various sectors such as Agroindustry, Construction, Railway, Transportation, Plastic, etc., mainly focused on:<\/p>\n\n\n\n<figure class=\"wp-block-image aligncenter size-full is-resized\"><img loading=\"lazy\" decoding=\"async\" width=\"1000\" height=\"344\" src=\"https:\/\/gitv.mx\/wp-content\/uploads\/2023\/09\/fullsizeoutput_1b49.jpeg\" alt=\"innovacion industrial\" class=\"wp-image-2037\" style=\"aspect-ratio:2.8941176470588235;object-fit:cover;width:400px\" srcset=\"https:\/\/gitv.mx\/wp-content\/uploads\/2023\/09\/fullsizeoutput_1b49.jpeg 1000w, https:\/\/gitv.mx\/wp-content\/uploads\/2023\/09\/fullsizeoutput_1b49-300x103.jpeg 300w, https:\/\/gitv.mx\/wp-content\/uploads\/2023\/09\/fullsizeoutput_1b49-768x264.jpeg 768w, https:\/\/gitv.mx\/wp-content\/uploads\/2023\/09\/fullsizeoutput_1b49-18x6.jpeg 18w\" sizes=\"auto, (max-width: 1000px) 100vw, 1000px\" \/><\/figure>\n\n\n\n<p class=\"has-text-align-left has-black-color has-text-color has-medium-font-size\"><strong>Grupo Industrial TV (GITV) <\/strong>has been recognized for its ability to develop and manufacture key machinery for the development of projects <strong>\"Circular Economy\" <\/strong>has awards in<strong> Industrial Innovation, <\/strong>as well as International Cooperation Projects.<\/p>\n\n\n\n<figure class=\"wp-block-image aligncenter size-full is-resized\"><img loading=\"lazy\" decoding=\"async\" width=\"1000\" height=\"327\" src=\"https:\/\/gitv.mx\/wp-content\/uploads\/2023\/09\/fullsizeoutput_1b47.jpeg\" alt=\"Reconocimientos\" class=\"wp-image-2042\" style=\"aspect-ratio:3.056179775280899;object-fit:cover;width:400px\" srcset=\"https:\/\/gitv.mx\/wp-content\/uploads\/2023\/09\/fullsizeoutput_1b47.jpeg 1000w, https:\/\/gitv.mx\/wp-content\/uploads\/2023\/09\/fullsizeoutput_1b47-300x98.jpeg 300w, https:\/\/gitv.mx\/wp-content\/uploads\/2023\/09\/fullsizeoutput_1b47-768x251.jpeg 768w, https:\/\/gitv.mx\/wp-content\/uploads\/2023\/09\/fullsizeoutput_1b47-18x6.jpeg 18w\" sizes=\"auto, (max-width: 1000px) 100vw, 1000px\" \/><\/figure>\n\n\n\n<p class=\"has-text-align-center has-black-color has-text-color has-medium-font-size\">And our approach is based on<strong> four fundamental pillars:<\/strong><\/p>\n\n\n\n<figure class=\"wp-block-image aligncenter size-full is-resized\"><img loading=\"lazy\" decoding=\"async\" width=\"1000\" height=\"500\" src=\"https:\/\/gitv.mx\/wp-content\/uploads\/2024\/04\/INICIO-DE-WEB.png\" alt=\"\" class=\"wp-image-2115\" style=\"width:400px\" srcset=\"https:\/\/gitv.mx\/wp-content\/uploads\/2024\/04\/INICIO-DE-WEB.png 1000w, https:\/\/gitv.mx\/wp-content\/uploads\/2024\/04\/INICIO-DE-WEB-300x150.png 300w, https:\/\/gitv.mx\/wp-content\/uploads\/2024\/04\/INICIO-DE-WEB-768x384.png 768w, https:\/\/gitv.mx\/wp-content\/uploads\/2024\/04\/INICIO-DE-WEB-18x9.png 18w\" sizes=\"auto, (max-width: 1000px) 100vw, 1000px\" \/><\/figure>\n\n\n\n<figure class=\"wp-block-image aligncenter size-large is-resized\"><img loading=\"lazy\" decoding=\"async\" width=\"1024\" height=\"36\" src=\"https:\/\/gitv.mx\/wp-content\/uploads\/2023\/09\/MARGEN-2-1024x36.png\" alt=\"MARGEN\" class=\"wp-image-1975\" style=\"aspect-ratio:29.175;object-fit:cover;width:400px\" srcset=\"https:\/\/gitv.mx\/wp-content\/uploads\/2023\/09\/MARGEN-2-1024x36.png 1024w, https:\/\/gitv.mx\/wp-content\/uploads\/2023\/09\/MARGEN-2-300x11.png 300w, https:\/\/gitv.mx\/wp-content\/uploads\/2023\/09\/MARGEN-2-768x27.png 768w, https:\/\/gitv.mx\/wp-content\/uploads\/2023\/09\/MARGEN-2-18x1.png 18w, https:\/\/gitv.mx\/wp-content\/uploads\/2023\/09\/MARGEN-2.png 1450w\" sizes=\"auto, (max-width: 1024px) 100vw, 1024px\" \/><\/figure>\n\n\n\n<p><\/p>","protected":false},"excerpt":{"rendered":"<p>Grupo Industrial TV es una destacada empresa mexicana que se especializa en la fabricaci\u00f3n de componentes metalmec\u00e1nicos de alta calidad y precisi\u00f3n. Estamos comprometidos con la excelencia en todos los aspectos de la empresa. Nuestros tres objetivos clave son: Servicios de Pailer\u00eda (sheet metal) Contamos con una solida infraestructura e ingenier\u00eda para cubrir las necesidades [&hellip;]<\/p>\n","protected":false},"author":1,"featured_media":0,"parent":0,"menu_order":0,"comment_status":"closed","ping_status":"closed","template":"","meta":{"om_disable_all_campaigns":false,"_monsterinsights_skip_tracking":false,"_monsterinsights_sitenote_active":false,"_monsterinsights_sitenote_note":"","_monsterinsights_sitenote_category":0,"_uf_show_specific_survey":0,"_uf_disable_surveys":false,"site-sidebar-layout":"no-sidebar","site-content-layout":"content-boxed-container","ast-site-content-layout":"normal-width-container","site-content-style":"boxed","site-sidebar-style":"unboxed","ast-global-header-display":"","ast-banner-title-visibility":"","ast-main-header-display":"","ast-hfb-above-header-display":"","ast-hfb-below-header-display":"","ast-hfb-mobile-header-display":"","site-post-title":"disabled","ast-breadcrumbs-content":"","ast-featured-img":"","footer-sml-layout":"","ast-disable-related-posts":"","theme-transparent-header-meta":"","adv-header-id-meta":"","stick-header-meta":"","header-above-stick-meta":"","header-main-stick-meta":"","header-below-stick-meta":"","astra-migrate-meta-layouts":"set","ast-page-background-enabled":"default","ast-page-background-meta":{"desktop":{"background-color":"var(--ast-global-color-4)","background-image":"","background-repeat":"repeat","background-position":"center center","background-size":"auto","background-attachment":"scroll","background-type":"","background-media":"","overlay-type":"","overlay-color":"","overlay-opacity":"","overlay-gradient":""},"tablet":{"background-color":"","background-image":"","background-repeat":"repeat","background-position":"center center","background-size":"auto","background-attachment":"scroll","background-type":"","background-media":"","overlay-type":"","overlay-color":"","overlay-opacity":"","overlay-gradient":""},"mobile":{"background-color":"","background-image":"","background-repeat":"repeat","background-position":"center center","background-size":"auto","background-attachment":"scroll","background-type":"","background-media":"","overlay-type":"","overlay-color":"","overlay-opacity":"","overlay-gradient":""}},"ast-content-background-meta":{"desktop":{"background-color":"var(--ast-global-color-5)","background-image":"","background-repeat":"repeat","background-position":"center center","background-size":"auto","background-attachment":"scroll","background-type":"","background-media":"","overlay-type":"","overlay-color":"","overlay-opacity":"","overlay-gradient":""},"tablet":{"background-color":"var(--ast-global-color-5)","background-image":"","background-repeat":"repeat","background-position":"center center","background-size":"auto","background-attachment":"scroll","background-type":"","background-media":"","overlay-type":"","overlay-color":"","overlay-opacity":"","overlay-gradient":""},"mobile":{"background-color":"var(--ast-global-color-5)","background-image":"","background-repeat":"repeat","background-position":"center center","background-size":"auto","background-attachment":"scroll","background-type":"","background-media":"","overlay-type":"","overlay-color":"","overlay-opacity":"","overlay-gradient":""}},"footnotes":""},"class_list":["post-23","page","type-page","status-publish","hentry"],"aioseo_notices":[],"_links":{"self":[{"href":"https:\/\/gitv.mx\/en\/wp-json\/wp\/v2\/pages\/23","targetHints":{"allow":["GET"]}}],"collection":[{"href":"https:\/\/gitv.mx\/en\/wp-json\/wp\/v2\/pages"}],"about":[{"href":"https:\/\/gitv.mx\/en\/wp-json\/wp\/v2\/types\/page"}],"author":[{"embeddable":true,"href":"https:\/\/gitv.mx\/en\/wp-json\/wp\/v2\/users\/1"}],"replies":[{"embeddable":true,"href":"https:\/\/gitv.mx\/en\/wp-json\/wp\/v2\/comments?post=23"}],"version-history":[{"count":312,"href":"https:\/\/gitv.mx\/en\/wp-json\/wp\/v2\/pages\/23\/revisions"}],"predecessor-version":[{"id":2391,"href":"https:\/\/gitv.mx\/en\/wp-json\/wp\/v2\/pages\/23\/revisions\/2391"}],"wp:attachment":[{"href":"https:\/\/gitv.mx\/en\/wp-json\/wp\/v2\/media?parent=23"}],"curies":[{"name":"wp","href":"https:\/\/api.w.org\/{rel}","templated":true}]}}