{"id":1484,"date":"2023-05-02T19:32:44","date_gmt":"2023-05-02T19:32:44","guid":{"rendered":"https:\/\/gitv.mx\/?page_id=1484"},"modified":"2025-02-17T22:37:40","modified_gmt":"2025-02-17T22:37:40","slug":"vinculacion-industria-academia","status":"publish","type":"page","link":"https:\/\/gitv.mx\/en\/vinculacion-industria-academia\/","title":{"rendered":"INDUSTRY\/ACADEMY LINKAGE"},"content":{"rendered":"<p class=\"has-text-align-center has-ast-global-color-1-color has-text-color has-medium-font-size\"><strong>INDUSTRY\/ACADEMY LINKAGE<\/strong><\/p>\n\n\n\n<p class=\"has-black-color has-text-color has-medium-font-size\">GITV maintains a permanent link <strong>between<\/strong> Industry and Academy.<\/p>\n\n\n\n<p class=\"has-black-color has-text-color has-medium-font-size\">Strategic linkage with dual programs, professional practices and social service, in addition to integration into the \u201cTransforming with Youth\u201d and \u201cYour Transforming Experience\u201d programs.<\/p>\n\n\n\n<ul class=\"wp-block-list\">\n<li class=\"has-medium-font-size\">Technological High Schools and Universities<\/li>\n<\/ul>\n\n\n\n<p class=\"has-black-color has-text-color has-medium-font-size\">Strategic collaboration for the continuous training of our employees.<\/p>\n\n\n\n<ul class=\"wp-block-list\">\n<li class=\"has-medium-font-size\">Hidalgo State Training Institute (ICATHI)<\/li>\n<\/ul>\n\n\n\n<p class=\"has-black-color has-text-color has-medium-font-size\">Strategic collaboration for technological surveillance and intellectual property of our projects and processes. <\/p>\n\n\n\n<ul class=\"wp-block-list\">\n<li class=\"has-medium-font-size\">Hidalgo Technological Observatory (OTECH)<\/li>\n<\/ul>\n\n\n\n<figure class=\"wp-block-image aligncenter size-large is-resized\"><img loading=\"lazy\" decoding=\"async\" width=\"1024\" height=\"91\" src=\"https:\/\/gitv.mx\/wp-content\/uploads\/2023\/09\/ZB2FhpsSUmNhsMhOqOeJQ_thumb_23a0-1024x91.jpg\" alt=\"\" class=\"wp-image-2022\" style=\"aspect-ratio:11.238938053097344;object-fit:cover;width:400px\" srcset=\"https:\/\/gitv.mx\/wp-content\/uploads\/2023\/09\/ZB2FhpsSUmNhsMhOqOeJQ_thumb_23a0-1024x91.jpg 1024w, https:\/\/gitv.mx\/wp-content\/uploads\/2023\/09\/ZB2FhpsSUmNhsMhOqOeJQ_thumb_23a0-300x27.jpg 300w, https:\/\/gitv.mx\/wp-content\/uploads\/2023\/09\/ZB2FhpsSUmNhsMhOqOeJQ_thumb_23a0-768x68.jpg 768w, https:\/\/gitv.mx\/wp-content\/uploads\/2023\/09\/ZB2FhpsSUmNhsMhOqOeJQ_thumb_23a0-1536x136.jpg 1536w, https:\/\/gitv.mx\/wp-content\/uploads\/2023\/09\/ZB2FhpsSUmNhsMhOqOeJQ_thumb_23a0-2048x181.jpg 2048w, https:\/\/gitv.mx\/wp-content\/uploads\/2023\/09\/ZB2FhpsSUmNhsMhOqOeJQ_thumb_23a0-18x2.jpg 18w\" sizes=\"auto, (max-width: 1024px) 100vw, 1024px\" \/><\/figure>","protected":false},"excerpt":{"rendered":"<p>VINCULACI\u00d3N INDUSTRIA\/ACADEM\u00cdA GITV mantiene una vinculaci\u00f3n permanente entre Industria \/ Academia Vinculaci\u00f3n estrat\u00e9gica con programas duales, pr\u00e1cticas profesionales y servicio social, adem\u00e1s de la integraci\u00f3n a los programas \u201cTransformando con la Juventud\u201d y \u201cTu Experiencia Transforma\u201d Colaboraci\u00f3n estrat\u00e9gica para la capacitaci\u00f3n continua de nuestros colaboradores Colaboraci\u00f3n estrat\u00e9gica para la vigilancia tecnol\u00f3gica y propiedad intelectual de [&hellip;]<\/p>\n","protected":false},"author":1,"featured_media":0,"parent":0,"menu_order":0,"comment_status":"closed","ping_status":"closed","template":"","meta":{"om_disable_all_campaigns":false,"_monsterinsights_skip_tracking":false,"_monsterinsights_sitenote_active":false,"_monsterinsights_sitenote_note":"","_monsterinsights_sitenote_category":0,"_uf_show_specific_survey":0,"_uf_disable_surveys":false,"site-sidebar-layout":"default","site-content-layout":"","ast-site-content-layout":"default","site-content-style":"default","site-sidebar-style":"default","ast-global-header-display":"","ast-banner-title-visibility":"","ast-main-header-display":"","ast-hfb-above-header-display":"","ast-hfb-below-header-display":"","ast-hfb-mobile-header-display":"","site-post-title":"disabled","ast-breadcrumbs-content":"","ast-featured-img":"","footer-sml-layout":"","ast-disable-related-posts":"","theme-transparent-header-meta":"","adv-header-id-meta":"","stick-header-meta":"","header-above-stick-meta":"","header-main-stick-meta":"","header-below-stick-meta":"","astra-migrate-meta-layouts":"set","ast-page-background-enabled":"default","ast-page-background-meta":{"desktop":{"background-color":"var(--ast-global-color-4)","background-image":"","background-repeat":"repeat","background-position":"center center","background-size":"auto","background-attachment":"scroll","background-type":"","background-media":"","overlay-type":"","overlay-color":"","overlay-opacity":"","overlay-gradient":""},"tablet":{"background-color":"","background-image":"","background-repeat":"repeat","background-position":"center center","background-size":"auto","background-attachment":"scroll","background-type":"","background-media":"","overlay-type":"","overlay-color":"","overlay-opacity":"","overlay-gradient":""},"mobile":{"background-color":"","background-image":"","background-repeat":"repeat","background-position":"center center","background-size":"auto","background-attachment":"scroll","background-type":"","background-media":"","overlay-type":"","overlay-color":"","overlay-opacity":"","overlay-gradient":""}},"ast-content-background-meta":{"desktop":{"background-color":"var(--ast-global-color-5)","background-image":"","background-repeat":"repeat","background-position":"center center","background-size":"auto","background-attachment":"scroll","background-type":"","background-media":"","overlay-type":"","overlay-color":"","overlay-opacity":"","overlay-gradient":""},"tablet":{"background-color":"var(--ast-global-color-5)","background-image":"","background-repeat":"repeat","background-position":"center center","background-size":"auto","background-attachment":"scroll","background-type":"","background-media":"","overlay-type":"","overlay-color":"","overlay-opacity":"","overlay-gradient":""},"mobile":{"background-color":"var(--ast-global-color-5)","background-image":"","background-repeat":"repeat","background-position":"center center","background-size":"auto","background-attachment":"scroll","background-type":"","background-media":"","overlay-type":"","overlay-color":"","overlay-opacity":"","overlay-gradient":""}},"footnotes":""},"class_list":["post-1484","page","type-page","status-publish","hentry"],"aioseo_notices":[],"_links":{"self":[{"href":"https:\/\/gitv.mx\/en\/wp-json\/wp\/v2\/pages\/1484","targetHints":{"allow":["GET"]}}],"collection":[{"href":"https:\/\/gitv.mx\/en\/wp-json\/wp\/v2\/pages"}],"about":[{"href":"https:\/\/gitv.mx\/en\/wp-json\/wp\/v2\/types\/page"}],"author":[{"embeddable":true,"href":"https:\/\/gitv.mx\/en\/wp-json\/wp\/v2\/users\/1"}],"replies":[{"embeddable":true,"href":"https:\/\/gitv.mx\/en\/wp-json\/wp\/v2\/comments?post=1484"}],"version-history":[{"count":28,"href":"https:\/\/gitv.mx\/en\/wp-json\/wp\/v2\/pages\/1484\/revisions"}],"predecessor-version":[{"id":2363,"href":"https:\/\/gitv.mx\/en\/wp-json\/wp\/v2\/pages\/1484\/revisions\/2363"}],"wp:attachment":[{"href":"https:\/\/gitv.mx\/en\/wp-json\/wp\/v2\/media?parent=1484"}],"curies":[{"name":"wp","href":"https:\/\/api.w.org\/{rel}","templated":true}]}}