{"id":1481,"date":"2023-05-02T19:30:38","date_gmt":"2023-05-02T19:30:38","guid":{"rendered":"https:\/\/gitv.mx\/?page_id=1481"},"modified":"2025-02-17T22:37:05","modified_gmt":"2025-02-17T22:37:05","slug":"sistema-de-gestion-de-calidad","status":"publish","type":"page","link":"https:\/\/gitv.mx\/en\/sistema-de-gestion-de-calidad\/","title":{"rendered":"QUALITY MANAGEMENT SYSTEM"},"content":{"rendered":"<p class=\"has-text-align-center has-ast-global-color-1-color has-text-color has-large-font-size\"><strong>QUALITY MANAGEMENT SYSTEM<\/strong><\/p>\n\n\n\n<p class=\"has-black-color has-text-color has-medium-font-size\">GITV implemented its Quality Management System based on the ISO 9001-2015 standard.<\/p>\n\n\n\n<p class=\"has-black-color has-text-color has-medium-font-size\">QUALITY POLICY<\/p>\n\n\n\n<p class=\"has-black-color has-text-color has-medium-font-size\">Grupo Industrial TV is committed to providing high-quality and precision metal-mechanical products and services aimed at meeting the <strong>meeting the needs of our customers<\/strong>, generating the ideal conditions to achieve: the <strong>aseguramiento de la calidad<\/strong> y <strong> for the continuous improvement<\/strong> of our employees and processes, following a plan of <strong>operational excellence<\/strong>through our Quality Management System in accordance with the ISO 9001:2015 standard.<\/p>\n\n\n\n<p><\/p>\n\n\n\n<p class=\"has-black-color has-text-color has-medium-font-size\">QUALITY OBJECTIVES<\/p>\n\n\n\n<p class=\"has-black-color has-text-color has-medium-font-size\">Customer Satisfaction<\/p>\n\n\n\n<ul class=\"wp-block-list\">\n<li class=\"has-medium-font-size\">Identify and exceed the expectations of our clients.<\/li>\n<\/ul>\n\n\n\n<p class=\"has-black-color has-text-color has-medium-font-size\">Aseguramiento de la Calidad<\/p>\n\n\n\n<ul class=\"wp-block-list\">\n<li class=\"has-medium-font-size\">Identify and eliminate possible failures in the process<\/li>\n<\/ul>\n\n\n\n<p class=\"has-black-color has-text-color has-medium-font-size\">Operational Excellence <\/p>\n\n\n\n<ul class=\"wp-block-list\">\n<li class=\"has-medium-font-size\">Identify, document and optimize our processes.<\/li>\n<\/ul>\n\n\n\n<figure class=\"wp-block-image aligncenter size-full is-resized\"><img loading=\"lazy\" decoding=\"async\" width=\"459\" height=\"459\" src=\"https:\/\/gitv.mx\/wp-content\/uploads\/2024\/04\/EN-PROCESOIN-PROCESS.png\" alt=\"\" class=\"wp-image-2118\" style=\"width:400px\" srcset=\"https:\/\/gitv.mx\/wp-content\/uploads\/2024\/04\/EN-PROCESOIN-PROCESS.png 459w, https:\/\/gitv.mx\/wp-content\/uploads\/2024\/04\/EN-PROCESOIN-PROCESS-300x300.png 300w, https:\/\/gitv.mx\/wp-content\/uploads\/2024\/04\/EN-PROCESOIN-PROCESS-150x150.png 150w, https:\/\/gitv.mx\/wp-content\/uploads\/2024\/04\/EN-PROCESOIN-PROCESS-12x12.png 12w\" sizes=\"auto, (max-width: 459px) 100vw, 459px\" \/><\/figure>","protected":false},"excerpt":{"rendered":"<p>SISTEMA DE GESTI\u00d3N DE CALIDAD GITV implement\u00f3 su Sistema de Gesti\u00f3n de Calidad basado en la norma ISO 9001-2015. POLITICA DE CALIDAD En Grupo Industrial TV nos comprometemos a ofrecer productos y servicios metal mec\u00e1nicos de alta calidad y precisi\u00f3n orientados a satisfacer las necesidades de nuestros clientes, generando las condiciones ideales para lograr: el [&hellip;]<\/p>\n","protected":false},"author":1,"featured_media":0,"parent":0,"menu_order":0,"comment_status":"closed","ping_status":"closed","template":"","meta":{"om_disable_all_campaigns":false,"_monsterinsights_skip_tracking":false,"_monsterinsights_sitenote_active":false,"_monsterinsights_sitenote_note":"","_monsterinsights_sitenote_category":0,"_uf_show_specific_survey":0,"_uf_disable_surveys":false,"site-sidebar-layout":"default","site-content-layout":"","ast-site-content-layout":"default","site-content-style":"default","site-sidebar-style":"default","ast-global-header-display":"","ast-banner-title-visibility":"","ast-main-header-display":"","ast-hfb-above-header-display":"","ast-hfb-below-header-display":"","ast-hfb-mobile-header-display":"","site-post-title":"disabled","ast-breadcrumbs-content":"","ast-featured-img":"","footer-sml-layout":"","ast-disable-related-posts":"","theme-transparent-header-meta":"","adv-header-id-meta":"","stick-header-meta":"","header-above-stick-meta":"","header-main-stick-meta":"","header-below-stick-meta":"","astra-migrate-meta-layouts":"set","ast-page-background-enabled":"default","ast-page-background-meta":{"desktop":{"background-color":"var(--ast-global-color-4)","background-image":"","background-repeat":"repeat","background-position":"center center","background-size":"auto","background-attachment":"scroll","background-type":"","background-media":"","overlay-type":"","overlay-color":"","overlay-opacity":"","overlay-gradient":""},"tablet":{"background-color":"","background-image":"","background-repeat":"repeat","background-position":"center center","background-size":"auto","background-attachment":"scroll","background-type":"","background-media":"","overlay-type":"","overlay-color":"","overlay-opacity":"","overlay-gradient":""},"mobile":{"background-color":"","background-image":"","background-repeat":"repeat","background-position":"center center","background-size":"auto","background-attachment":"scroll","background-type":"","background-media":"","overlay-type":"","overlay-color":"","overlay-opacity":"","overlay-gradient":""}},"ast-content-background-meta":{"desktop":{"background-color":"var(--ast-global-color-5)","background-image":"","background-repeat":"repeat","background-position":"center center","background-size":"auto","background-attachment":"scroll","background-type":"","background-media":"","overlay-type":"","overlay-color":"","overlay-opacity":"","overlay-gradient":""},"tablet":{"background-color":"var(--ast-global-color-5)","background-image":"","background-repeat":"repeat","background-position":"center center","background-size":"auto","background-attachment":"scroll","background-type":"","background-media":"","overlay-type":"","overlay-color":"","overlay-opacity":"","overlay-gradient":""},"mobile":{"background-color":"var(--ast-global-color-5)","background-image":"","background-repeat":"repeat","background-position":"center center","background-size":"auto","background-attachment":"scroll","background-type":"","background-media":"","overlay-type":"","overlay-color":"","overlay-opacity":"","overlay-gradient":""}},"footnotes":""},"class_list":["post-1481","page","type-page","status-publish","hentry"],"aioseo_notices":[],"_links":{"self":[{"href":"https:\/\/gitv.mx\/en\/wp-json\/wp\/v2\/pages\/1481","targetHints":{"allow":["GET"]}}],"collection":[{"href":"https:\/\/gitv.mx\/en\/wp-json\/wp\/v2\/pages"}],"about":[{"href":"https:\/\/gitv.mx\/en\/wp-json\/wp\/v2\/types\/page"}],"author":[{"embeddable":true,"href":"https:\/\/gitv.mx\/en\/wp-json\/wp\/v2\/users\/1"}],"replies":[{"embeddable":true,"href":"https:\/\/gitv.mx\/en\/wp-json\/wp\/v2\/comments?post=1481"}],"version-history":[{"count":29,"href":"https:\/\/gitv.mx\/en\/wp-json\/wp\/v2\/pages\/1481\/revisions"}],"predecessor-version":[{"id":2362,"href":"https:\/\/gitv.mx\/en\/wp-json\/wp\/v2\/pages\/1481\/revisions\/2362"}],"wp:attachment":[{"href":"https:\/\/gitv.mx\/en\/wp-json\/wp\/v2\/media?parent=1481"}],"curies":[{"name":"wp","href":"https:\/\/api.w.org\/{rel}","templated":true}]}}