{"id":1468,"date":"2023-05-02T19:22:48","date_gmt":"2023-05-02T19:22:48","guid":{"rendered":"https:\/\/gitv.mx\/?page_id=1468"},"modified":"2025-02-17T22:29:57","modified_gmt":"2025-02-17T22:29:57","slug":"innovacion-y-sustentabilidad","status":"publish","type":"page","link":"https:\/\/gitv.mx\/en\/innovacion-y-sustentabilidad\/","title":{"rendered":"INNOVATION AND SUSTAINABILITY"},"content":{"rendered":"<p class=\"has-text-align-center has-ast-global-color-1-color has-text-color has-large-font-size\"><strong>INNOVATION AND SUSTAINABILITY<\/strong><\/p>\n\n\n\n<p class=\"has-text-align-center has-black-color has-text-color has-medium-font-size\">GITV, through the \"Transforma Hidalgo\" initiative, was certified as a mentor for the \"International Program in Innovation and Sustainability\" to strengthen the innovation ecosystem. The certification enables the implementation and development of projects based on cutting-edge technologies (IoT, AI, Industry 4.0, etc.). GITV works with various methodologies and tools such as International Business Plans, Agile, Design Thinking, Lean Six Sigma &amp; Lean Startup, and War Room.<\/p>\n\n\n\n<figure class=\"wp-block-image aligncenter size-full is-resized\"><img loading=\"lazy\" decoding=\"async\" width=\"765\" height=\"1000\" src=\"https:\/\/gitv.mx\/wp-content\/uploads\/2023\/05\/Diseno-sin-titulo-9.jpg\" alt=\"INNOVACION Y SUSTENTABILIDAD\" class=\"wp-image-1596\" style=\"aspect-ratio:0.6493506493506493;object-fit:contain;width:298px;height:auto\" srcset=\"https:\/\/gitv.mx\/wp-content\/uploads\/2023\/05\/Diseno-sin-titulo-9.jpg 765w, https:\/\/gitv.mx\/wp-content\/uploads\/2023\/05\/Diseno-sin-titulo-9-230x300.jpg 230w\" sizes=\"auto, (max-width: 765px) 100vw, 765px\" \/><\/figure>\n\n\n\n<figure class=\"wp-block-embed aligncenter is-type-video is-provider-youtube wp-block-embed-youtube wp-embed-aspect-16-9 wp-has-aspect-ratio\"><div class=\"wp-block-embed__wrapper\">\n<iframe loading=\"lazy\" title=\"Solve Awards\" width=\"500\" height=\"281\" src=\"https:\/\/www.youtube.com\/embed\/4rARkTUJhMw?feature=oembed\" frameborder=\"0\" allow=\"accelerometer; autoplay; clipboard-write; encrypted-media; gyroscope; picture-in-picture; web-share\" referrerpolicy=\"strict-origin-when-cross-origin\" allowfullscreen><\/iframe>\n<\/div><\/figure>","protected":false},"excerpt":{"rendered":"<p>INNOVACI\u00d3N Y SUSTENTABILIDAD GITV a trav\u00e9s de la iniciativa \u201cTransforma Hidalgo\u201d, para el fortalecimiento del ecosistema de innovaci\u00f3n se certific\u00f3 como mentor del \u201cInternational Program in Innovation and Sustainability\u201d, para la implementaci\u00f3n y desarrollo de proyectos basados en tecnolog\u00edas de \u00faltima generaci\u00f3n (IoT, IA, Industria 4.0 etc.), trabajando con diferentes metodolog\u00edas y herramientas como International [&hellip;]<\/p>\n","protected":false},"author":1,"featured_media":0,"parent":0,"menu_order":0,"comment_status":"closed","ping_status":"closed","template":"","meta":{"om_disable_all_campaigns":false,"_monsterinsights_skip_tracking":false,"_monsterinsights_sitenote_active":false,"_monsterinsights_sitenote_note":"","_monsterinsights_sitenote_category":0,"_uf_show_specific_survey":0,"_uf_disable_surveys":false,"site-sidebar-layout":"default","site-content-layout":"","ast-site-content-layout":"default","site-content-style":"default","site-sidebar-style":"default","ast-global-header-display":"","ast-banner-title-visibility":"","ast-main-header-display":"","ast-hfb-above-header-display":"","ast-hfb-below-header-display":"","ast-hfb-mobile-header-display":"","site-post-title":"disabled","ast-breadcrumbs-content":"","ast-featured-img":"","footer-sml-layout":"","ast-disable-related-posts":"","theme-transparent-header-meta":"","adv-header-id-meta":"","stick-header-meta":"","header-above-stick-meta":"","header-main-stick-meta":"","header-below-stick-meta":"","astra-migrate-meta-layouts":"set","ast-page-background-enabled":"default","ast-page-background-meta":{"desktop":{"background-color":"var(--ast-global-color-4)","background-image":"","background-repeat":"repeat","background-position":"center center","background-size":"auto","background-attachment":"scroll","background-type":"","background-media":"","overlay-type":"","overlay-color":"","overlay-opacity":"","overlay-gradient":""},"tablet":{"background-color":"","background-image":"","background-repeat":"repeat","background-position":"center center","background-size":"auto","background-attachment":"scroll","background-type":"","background-media":"","overlay-type":"","overlay-color":"","overlay-opacity":"","overlay-gradient":""},"mobile":{"background-color":"","background-image":"","background-repeat":"repeat","background-position":"center center","background-size":"auto","background-attachment":"scroll","background-type":"","background-media":"","overlay-type":"","overlay-color":"","overlay-opacity":"","overlay-gradient":""}},"ast-content-background-meta":{"desktop":{"background-color":"var(--ast-global-color-5)","background-image":"","background-repeat":"repeat","background-position":"center center","background-size":"auto","background-attachment":"scroll","background-type":"","background-media":"","overlay-type":"","overlay-color":"","overlay-opacity":"","overlay-gradient":""},"tablet":{"background-color":"var(--ast-global-color-5)","background-image":"","background-repeat":"repeat","background-position":"center center","background-size":"auto","background-attachment":"scroll","background-type":"","background-media":"","overlay-type":"","overlay-color":"","overlay-opacity":"","overlay-gradient":""},"mobile":{"background-color":"var(--ast-global-color-5)","background-image":"","background-repeat":"repeat","background-position":"center center","background-size":"auto","background-attachment":"scroll","background-type":"","background-media":"","overlay-type":"","overlay-color":"","overlay-opacity":"","overlay-gradient":""}},"footnotes":""},"class_list":["post-1468","page","type-page","status-publish","hentry"],"aioseo_notices":[],"_links":{"self":[{"href":"https:\/\/gitv.mx\/en\/wp-json\/wp\/v2\/pages\/1468","targetHints":{"allow":["GET"]}}],"collection":[{"href":"https:\/\/gitv.mx\/en\/wp-json\/wp\/v2\/pages"}],"about":[{"href":"https:\/\/gitv.mx\/en\/wp-json\/wp\/v2\/types\/page"}],"author":[{"embeddable":true,"href":"https:\/\/gitv.mx\/en\/wp-json\/wp\/v2\/users\/1"}],"replies":[{"embeddable":true,"href":"https:\/\/gitv.mx\/en\/wp-json\/wp\/v2\/comments?post=1468"}],"version-history":[{"count":19,"href":"https:\/\/gitv.mx\/en\/wp-json\/wp\/v2\/pages\/1468\/revisions"}],"predecessor-version":[{"id":2356,"href":"https:\/\/gitv.mx\/en\/wp-json\/wp\/v2\/pages\/1468\/revisions\/2356"}],"wp:attachment":[{"href":"https:\/\/gitv.mx\/en\/wp-json\/wp\/v2\/media?parent=1468"}],"curies":[{"name":"wp","href":"https:\/\/api.w.org\/{rel}","templated":true}]}}