{"id":1463,"date":"2023-05-02T19:21:16","date_gmt":"2023-05-02T19:21:16","guid":{"rendered":"https:\/\/gitv.mx\/?page_id=1463"},"modified":"2025-02-17T22:34:22","modified_gmt":"2025-02-17T22:34:22","slug":"e-commerce","status":"publish","type":"page","link":"https:\/\/gitv.mx\/en\/e-commerce\/","title":{"rendered":"E-COMMERCE"},"content":{"rendered":"<p class=\"has-text-align-center has-ast-global-color-1-color has-text-color has-large-font-size\"><strong>E-COMMERCE<\/strong><\/p>\n\n\n\n<p class=\"has-text-align-center has-black-color has-text-color has-medium-font-size\">GITV uses various sales channels to reach different market segments.<\/p>\n\n\n\n<p class=\"has-ast-global-color-1-color has-text-color has-medium-font-size\"><strong>Lyre\/Aerial Hoop<\/strong><\/p>\n\n\n\n<p class=\"has-black-color has-text-color has-medium-font-size\">Development and production of aerial hoops with different anchoring points and fastening plates for ceilings and walls, catering to aerial dance academies. Additionally, we leverage product development to start selling and distributing them through digital channels.<\/p>\n\n\n\n<figure class=\"wp-block-image aligncenter size-large is-resized\"><img loading=\"lazy\" decoding=\"async\" width=\"1024\" height=\"149\" src=\"https:\/\/gitv.mx\/wp-content\/uploads\/2023\/05\/Diseno-sin-titulo-20-1024x149.jpg\" alt=\"\" class=\"wp-image-1653\" style=\"aspect-ratio:7.005235602094241;width:400px\" srcset=\"https:\/\/gitv.mx\/wp-content\/uploads\/2023\/05\/Diseno-sin-titulo-20-1024x149.jpg 1024w, https:\/\/gitv.mx\/wp-content\/uploads\/2023\/05\/Diseno-sin-titulo-20-300x44.jpg 300w, https:\/\/gitv.mx\/wp-content\/uploads\/2023\/05\/Diseno-sin-titulo-20-768x112.jpg 768w, https:\/\/gitv.mx\/wp-content\/uploads\/2023\/05\/Diseno-sin-titulo-20-1536x223.jpg 1536w, https:\/\/gitv.mx\/wp-content\/uploads\/2023\/05\/Diseno-sin-titulo-20-2048x297.jpg 2048w\" sizes=\"auto, (max-width: 1024px) 100vw, 1024px\" \/><\/figure>\n\n\n\n<p class=\"has-ast-global-color-1-color has-text-color has-medium-font-size\"><strong>Acapulco Chair<\/strong><\/p>\n\n\n\n<p class=\"has-black-color has-text-color has-medium-font-size\">Development of assembly molds and bending devices, manufacturing 100+ handwoven chairs monthly for display in furniture galleries.<\/p>\n\n\n\n<figure class=\"wp-block-image aligncenter size-large is-resized\"><img loading=\"lazy\" decoding=\"async\" width=\"1024\" height=\"156\" src=\"https:\/\/gitv.mx\/wp-content\/uploads\/2023\/05\/Diseno-sin-titulo-4-1024x156.jpg\" alt=\"\" class=\"wp-image-1568\" style=\"aspect-ratio:7.005235602094241;width:400px\" srcset=\"https:\/\/gitv.mx\/wp-content\/uploads\/2023\/05\/Diseno-sin-titulo-4-1024x156.jpg 1024w, https:\/\/gitv.mx\/wp-content\/uploads\/2023\/05\/Diseno-sin-titulo-4-300x46.jpg 300w, https:\/\/gitv.mx\/wp-content\/uploads\/2023\/05\/Diseno-sin-titulo-4-768x117.jpg 768w, https:\/\/gitv.mx\/wp-content\/uploads\/2023\/05\/Diseno-sin-titulo-4-1536x234.jpg 1536w, https:\/\/gitv.mx\/wp-content\/uploads\/2023\/05\/Diseno-sin-titulo-4-2048x312.jpg 2048w\" sizes=\"auto, (max-width: 1024px) 100vw, 1024px\" \/><\/figure>","protected":false},"excerpt":{"rendered":"<p>E-COMMERCE GITV aprovecha diversos canales de venta para llegar a distintos tipos de mercados Lira \/ Aro A\u00e9reo Desarrollo y producci\u00f3n de aros a\u00e9reos con diferentes puntos de anclaje y placas de sujeci\u00f3n para techo y pared, para academias de danza a\u00e9rea, adem\u00e1s, aprovechamos el desarrollo del producto, y comenzamos su venta y distribuci\u00f3n v\u00eda [&hellip;]<\/p>\n","protected":false},"author":1,"featured_media":0,"parent":0,"menu_order":0,"comment_status":"closed","ping_status":"closed","template":"","meta":{"om_disable_all_campaigns":false,"_monsterinsights_skip_tracking":false,"_monsterinsights_sitenote_active":false,"_monsterinsights_sitenote_note":"","_monsterinsights_sitenote_category":0,"_uf_show_specific_survey":0,"_uf_disable_surveys":false,"site-sidebar-layout":"default","site-content-layout":"","ast-site-content-layout":"default","site-content-style":"default","site-sidebar-style":"default","ast-global-header-display":"","ast-banner-title-visibility":"","ast-main-header-display":"","ast-hfb-above-header-display":"","ast-hfb-below-header-display":"","ast-hfb-mobile-header-display":"","site-post-title":"disabled","ast-breadcrumbs-content":"","ast-featured-img":"","footer-sml-layout":"","ast-disable-related-posts":"","theme-transparent-header-meta":"","adv-header-id-meta":"","stick-header-meta":"","header-above-stick-meta":"","header-main-stick-meta":"","header-below-stick-meta":"","astra-migrate-meta-layouts":"set","ast-page-background-enabled":"default","ast-page-background-meta":{"desktop":{"background-color":"var(--ast-global-color-4)","background-image":"","background-repeat":"repeat","background-position":"center center","background-size":"auto","background-attachment":"scroll","background-type":"","background-media":"","overlay-type":"","overlay-color":"","overlay-opacity":"","overlay-gradient":""},"tablet":{"background-color":"","background-image":"","background-repeat":"repeat","background-position":"center center","background-size":"auto","background-attachment":"scroll","background-type":"","background-media":"","overlay-type":"","overlay-color":"","overlay-opacity":"","overlay-gradient":""},"mobile":{"background-color":"","background-image":"","background-repeat":"repeat","background-position":"center center","background-size":"auto","background-attachment":"scroll","background-type":"","background-media":"","overlay-type":"","overlay-color":"","overlay-opacity":"","overlay-gradient":""}},"ast-content-background-meta":{"desktop":{"background-color":"var(--ast-global-color-5)","background-image":"","background-repeat":"repeat","background-position":"center center","background-size":"auto","background-attachment":"scroll","background-type":"","background-media":"","overlay-type":"","overlay-color":"","overlay-opacity":"","overlay-gradient":""},"tablet":{"background-color":"var(--ast-global-color-5)","background-image":"","background-repeat":"repeat","background-position":"center center","background-size":"auto","background-attachment":"scroll","background-type":"","background-media":"","overlay-type":"","overlay-color":"","overlay-opacity":"","overlay-gradient":""},"mobile":{"background-color":"var(--ast-global-color-5)","background-image":"","background-repeat":"repeat","background-position":"center center","background-size":"auto","background-attachment":"scroll","background-type":"","background-media":"","overlay-type":"","overlay-color":"","overlay-opacity":"","overlay-gradient":""}},"footnotes":""},"class_list":["post-1463","page","type-page","status-publish","hentry"],"aioseo_notices":[],"_links":{"self":[{"href":"https:\/\/gitv.mx\/en\/wp-json\/wp\/v2\/pages\/1463","targetHints":{"allow":["GET"]}}],"collection":[{"href":"https:\/\/gitv.mx\/en\/wp-json\/wp\/v2\/pages"}],"about":[{"href":"https:\/\/gitv.mx\/en\/wp-json\/wp\/v2\/types\/page"}],"author":[{"embeddable":true,"href":"https:\/\/gitv.mx\/en\/wp-json\/wp\/v2\/users\/1"}],"replies":[{"embeddable":true,"href":"https:\/\/gitv.mx\/en\/wp-json\/wp\/v2\/comments?post=1463"}],"version-history":[{"count":17,"href":"https:\/\/gitv.mx\/en\/wp-json\/wp\/v2\/pages\/1463\/revisions"}],"predecessor-version":[{"id":2357,"href":"https:\/\/gitv.mx\/en\/wp-json\/wp\/v2\/pages\/1463\/revisions\/2357"}],"wp:attachment":[{"href":"https:\/\/gitv.mx\/en\/wp-json\/wp\/v2\/media?parent=1463"}],"curies":[{"name":"wp","href":"https:\/\/api.w.org\/{rel}","templated":true}]}}